{"id":574,"date":"2026-04-18T18:11:22","date_gmt":"2026-04-18T18:11:22","guid":{"rendered":"https:\/\/mediumorchid-dove-107221.hostingersite.com\/?page_id=574"},"modified":"2026-04-18T20:20:22","modified_gmt":"2026-04-18T20:20:22","slug":"lunivers-chocolathe","status":"publish","type":"page","link":"https:\/\/chocolathe.coffee\/?page_id=574","title":{"rendered":"L\u2019Univers Chocolath\u00e9"},"content":{"rendered":"\n<p class=\"has-black-color has-palette-color-1-background-color has-text-color has-background has-link-color wp-elements-2d131fe4f942f06de6832bff1b48fb59\"><strong>Glaces Prot\u00e9in\u00e9es Gourmandes<\/strong><\/p>\n\n\n\n<p class=\"has-text-align-center has-black-color has-text-color has-link-color wp-elements-5f31942394d540443f44ef184b67408e\">Savourez nos glaces prot\u00e9in\u00e9es z\u00e9ro sucre ajout\u00e9, riches en prot\u00e9ines <strong>(+10g)<\/strong>, con\u00e7ues pour allier plaisir et \u00e9quilibre, sans culpabilit\u00e9.<br>D\u00e9clin\u00e9es en plusieurs saveurs gourmandes, elles offrent une pause fra\u00eeche, saine et \u00e9nergisante \u00e0 tout moment de la journ\u00e9e.<\/p>\n\n\n\n<p class=\"has-black-color has-palette-color-1-background-color has-text-color has-background has-link-color wp-elements-260763bff847662b8de887a2b01241ff\"><strong>Pourquoi choisir nos glaces<\/strong><\/p>\n\n\n\n<p class=\"has-text-align-center has-black-color has-text-color has-link-color wp-elements-ac1e80d27d65a65606e06a1f9e347e70\">\u2714 Z\u00e9ro sucre ajout\u00e9<br>\u2714 +10g de prot\u00e9ines<br>\u2714 Ingr\u00e9dients de qualit\u00e9<br>\u2714 Id\u00e9al apr\u00e8s le sport ou en pause healthy<\/p>\n\n\n\n<div class=\"wp-block-stackable-text stk-block-text stk-block stk-61227e4 stk-block-background\" data-block-id=\"61227e4\"><style>.stk-61227e4 {background-color:var(--theme-palette-color-1, #84a98c) !important;}.stk-61227e4:before{background-color:var(--theme-palette-color-1, #84a98c) !important;}.stk-61227e4 .stk-block-text__text{color:#000000 !important;}<\/style><p class=\"stk-block-text__text has-text-color\"><strong>Nos Saveurs<\/strong><\/p><\/div>\n\n\n\n<div class=\"wp-block-stackable-text stk-block-text stk-block stk-3d3b232\" data-block-id=\"3d3b232\"><style>.stk-3d3b232 .stk-block-text__text{color:#0f0e17 !important;}<\/style><p class=\"stk-block-text__text has-text-color has-text-align-center\">G\u00e9ranium\ncitron menthe\nnoisette\nmatcha\nvanille\nframboise rose\ncacahou\u00e8te\nchocolat brownie\nness ness\n<\/p><\/div>\n\n\n\n<div class=\"wp-block-stackable-text stk-block-text stk-block stk-84f5ca5 stk-block-background\" data-block-id=\"84f5ca5\"><style>.stk-84f5ca5 {background-color:var(--theme-palette-color-1, #84a98c) !important;}.stk-84f5ca5:before{background-color:var(--theme-palette-color-1, #84a98c) !important;}.stk-84f5ca5 .stk-block-text__text{color:#0f0e17 !important;}<\/style><p class=\"stk-block-text__text has-text-color\"><strong>Cr\u00e9ez votre glace<\/strong><\/p><\/div>\n\n\n\n<p class=\"has-text-align-center has-black-color has-text-color has-link-color wp-elements-439a1311eebd5fbc7d25e308de7b92cf\">Composez votre glace selon vos envies :<br>Choisissez votre saveur, vos fruits et vos toppings pour une exp\u00e9rience 100% personnalis\u00e9e.<\/p>\n\n\n\n<div class=\"wp-block-stackable-text stk-block-text stk-block stk-a6880b0 stk-block-background\" data-block-id=\"a6880b0\"><style>.stk-a6880b0 {background-color:var(--theme-palette-color-1, #84a98c) !important;}.stk-a6880b0:before{background-color:var(--theme-palette-color-1, #84a98c) !important;}.stk-a6880b0 .stk-block-text__text{color:#0f0e17 !important;}<\/style><p class=\"stk-block-text__text has-text-color\"><strong>Signature Chocolath\u00e9<\/strong><\/p><\/div>\n\n\n\n<p class=\"has-text-align-center has-black-color has-text-color has-link-color wp-elements-0f87c937139a0c9de9c4fefe821a1a4f\">D\u00e9couvrez notre cr\u00e9ation exclusive, une glace prot\u00e9in\u00e9e onctueuse et gourmande, sans sucre ajout\u00e9, disponible uniquement chez Chocolath\u00e9 \u00e0 Marrakech.<\/p>\n\n\n\n<div class=\"wp-block-stackable-columns stk-block-columns stk-block stk-b17a4a1\" data-block-id=\"b17a4a1\"><div class=\"stk-row stk-inner-blocks stk-block-content stk-content-align stk-b17a4a1-column\">\n<div class=\"wp-block-stackable-column stk-block-column stk-column stk-block stk-c7a4b83\" data-v=\"4\" data-block-id=\"c7a4b83\"><div class=\"stk-column-wrapper stk-block-column__content stk-container stk-c7a4b83-container stk--no-background stk--no-padding\"><div class=\"stk-block-content stk-inner-blocks stk-c7a4b83-inner-blocks\">\n<div class=\"wp-block-stackable-columns stk-block-columns stk-block stk-eb85ee7\" data-block-id=\"eb85ee7\"><div class=\"stk-row stk-inner-blocks stk-block-content stk-content-align stk-eb85ee7-column\">\n<div class=\"wp-block-stackable-column stk-block-column stk-column stk-block stk-e6f9897\" data-v=\"4\" data-block-id=\"e6f9897\"><div class=\"stk-column-wrapper stk-block-column__content stk-container stk-e6f9897-container stk--no-background stk--no-padding\"><div class=\"stk-block-content stk-inner-blocks stk-e6f9897-inner-blocks\">\n<div class=\"wp-block-stackable-image stk-block-image stk-block stk-ae14117\" data-block-id=\"ae14117\"><style>.stk-ae14117 .stk-img-wrapper{width:250px !important;height:217px !important;}<\/style><figure><span class=\"stk-img-wrapper stk-image--shape-stretch\"><img loading=\"lazy\" decoding=\"async\" class=\"stk-img wp-image-531\" src=\"https:\/\/mediumorchid-dove-107221.hostingersite.com\/wp-content\/uploads\/2026\/04\/Gemini_Generated_Image_h57rvsh57rvsh57r.png\" width=\"1105\" height=\"960\" srcset=\"https:\/\/chocolathe.coffee\/wp-content\/uploads\/2026\/04\/Gemini_Generated_Image_h57rvsh57rvsh57r.png 1105w, https:\/\/chocolathe.coffee\/wp-content\/uploads\/2026\/04\/Gemini_Generated_Image_h57rvsh57rvsh57r-300x261.png 300w, https:\/\/chocolathe.coffee\/wp-content\/uploads\/2026\/04\/Gemini_Generated_Image_h57rvsh57rvsh57r-1024x890.png 1024w, https:\/\/chocolathe.coffee\/wp-content\/uploads\/2026\/04\/Gemini_Generated_Image_h57rvsh57rvsh57r-768x667.png 768w\" sizes=\"auto, (max-width: 1105px) 100vw, 1105px\" \/><\/span><\/figure><\/div>\n<\/div><\/div><\/div>\n<\/div><\/div>\n<\/div><\/div><\/div>\n<\/div><\/div>\n","protected":false},"excerpt":{"rendered":"<p>Glaces Prot\u00e9in\u00e9es Gourmandes Savourez nos glaces prot\u00e9in\u00e9es z\u00e9ro sucre ajout\u00e9, riches en prot\u00e9ines (+10g), con\u00e7ues pour allier plaisir et \u00e9quilibre, sans culpabilit\u00e9.D\u00e9clin\u00e9es en plusieurs saveurs gourmandes, elles offrent une pause fra\u00eeche, saine et \u00e9nergisante \u00e0 tout moment de la journ\u00e9e. Pourquoi choisir nos glaces \u2714 Z\u00e9ro sucre ajout\u00e9\u2714 +10g de prot\u00e9ines\u2714 Ingr\u00e9dients de qualit\u00e9\u2714 Id\u00e9al [&hellip;]<\/p>\n","protected":false},"author":1,"featured_media":0,"parent":0,"menu_order":0,"comment_status":"closed","ping_status":"closed","template":"","meta":{"footnotes":""},"class_list":["post-574","page","type-page","status-publish","hentry"],"blocksy_meta":[],"_links":{"self":[{"href":"https:\/\/chocolathe.coffee\/index.php?rest_route=\/wp\/v2\/pages\/574","targetHints":{"allow":["GET"]}}],"collection":[{"href":"https:\/\/chocolathe.coffee\/index.php?rest_route=\/wp\/v2\/pages"}],"about":[{"href":"https:\/\/chocolathe.coffee\/index.php?rest_route=\/wp\/v2\/types\/page"}],"author":[{"embeddable":true,"href":"https:\/\/chocolathe.coffee\/index.php?rest_route=\/wp\/v2\/users\/1"}],"replies":[{"embeddable":true,"href":"https:\/\/chocolathe.coffee\/index.php?rest_route=%2Fwp%2Fv2%2Fcomments&post=574"}],"version-history":[{"count":6,"href":"https:\/\/chocolathe.coffee\/index.php?rest_route=\/wp\/v2\/pages\/574\/revisions"}],"predecessor-version":[{"id":592,"href":"https:\/\/chocolathe.coffee\/index.php?rest_route=\/wp\/v2\/pages\/574\/revisions\/592"}],"wp:attachment":[{"href":"https:\/\/chocolathe.coffee\/index.php?rest_route=%2Fwp%2Fv2%2Fmedia&parent=574"}],"curies":[{"name":"wp","href":"https:\/\/api.w.org\/{rel}","templated":true}]}}